{"id":3001,"date":"2026-01-21T15:09:20","date_gmt":"2026-01-21T13:09:20","guid":{"rendered":"https:\/\/riine.ee\/?page_id=3001"},"modified":"2026-03-22T12:38:11","modified_gmt":"2026-03-22T10:38:11","slug":"sundmused","status":"publish","type":"page","link":"https:\/\/riine.ee\/en\/sundmused\/","title":{"rendered":"Events"},"content":{"rendered":"<div data-elementor-type=\"wp-post\" data-elementor-id=\"3001\" class=\"elementor elementor-3001\">\n\t\t\t\t<div class=\"elementor-element elementor-element-2044ce5 e-con-full e-flex e-con e-parent\" data-id=\"2044ce5\" data-element_type=\"container\" data-e-type=\"container\" data-settings=\"{&quot;background_background&quot;:&quot;classic&quot;}\">\n\t\t<div class=\"elementor-element elementor-element-7a87d0a e-con-full e-flex e-con e-child\" data-id=\"7a87d0a\" data-element_type=\"container\" data-e-type=\"container\">\n\t\t\t\t<div class=\"elementor-element elementor-element-2eb828e elementor-widget elementor-widget-heading\" data-id=\"2eb828e\" data-element_type=\"widget\" data-e-type=\"widget\" data-widget_type=\"heading.default\">\n\t\t\t\t<div class=\"elementor-widget-container\">\n\t\t\t\t\t<h1 class=\"elementor-heading-title elementor-size-default\">Upcoming events (in Estonia)<\/h1>\t\t\t\t<\/div>\n\t\t\t\t<\/div>\n\t\t\t\t<\/div>\n\t\t\t\t<\/div>\n\t\t<div class=\"elementor-element elementor-element-f0f95af e-flex e-con-boxed e-con e-parent\" data-id=\"f0f95af\" data-element_type=\"container\" data-e-type=\"container\" data-settings=\"{&quot;background_background&quot;:&quot;classic&quot;}\">\n\t\t\t\t\t<div class=\"e-con-inner\">\n\t\t<div class=\"elementor-element elementor-element-6ea78ef e-con-full e-flex e-con e-child\" data-id=\"6ea78ef\" data-element_type=\"container\" data-e-type=\"container\" data-settings=\"{&quot;background_background&quot;:&quot;classic&quot;}\">\n\t\t<div class=\"elementor-element elementor-element-b6e4b6c e-con-full e-flex e-con e-child\" data-id=\"b6e4b6c\" data-element_type=\"container\" data-e-type=\"container\">\n\t\t\t\t<div class=\"elementor-element elementor-element-b3765ad elementor-widget elementor-widget-image\" data-id=\"b3765ad\" data-element_type=\"widget\" data-e-type=\"widget\" data-widget_type=\"image.default\">\n\t\t\t\t<div class=\"elementor-widget-container\">\n\t\t\t\t\t\t\t\t\t\t\t\t\t\t\t<img fetchpriority=\"high\" decoding=\"async\" width=\"768\" height=\"1024\" src=\"https:\/\/riine.ee\/wp-content\/uploads\/2026\/01\/IMG_0381-768x1024.jpg\" class=\"attachment-large size-large wp-image-3313\" alt=\"Your Money World Systemic Cards in English.\" srcset=\"https:\/\/riine.ee\/wp-content\/uploads\/2026\/01\/IMG_0381-768x1024.jpg 768w, https:\/\/riine.ee\/wp-content\/uploads\/2026\/01\/IMG_0381-225x300.jpg 225w, https:\/\/riine.ee\/wp-content\/uploads\/2026\/01\/IMG_0381-1152x1536.jpg 1152w, https:\/\/riine.ee\/wp-content\/uploads\/2026\/01\/IMG_0381-9x12.jpg 9w, https:\/\/riine.ee\/wp-content\/uploads\/2026\/01\/IMG_0381-600x800.jpg 600w, https:\/\/riine.ee\/wp-content\/uploads\/2026\/01\/IMG_0381.jpg 1536w\" sizes=\"(max-width: 768px) 100vw, 768px\" \/>\t\t\t\t\t\t\t\t\t\t\t\t\t\t\t<\/div>\n\t\t\t\t<\/div>\n\t\t\t\t<\/div>\n\t\t<div class=\"elementor-element elementor-element-932e492 e-con-full e-flex e-con e-child\" data-id=\"932e492\" data-element_type=\"container\" data-e-type=\"container\">\n\t\t\t\t<div class=\"elementor-element elementor-element-aa135f1 elementor-widget elementor-widget-heading\" data-id=\"aa135f1\" data-element_type=\"widget\" data-e-type=\"widget\" data-widget_type=\"heading.default\">\n\t\t\t\t<div class=\"elementor-widget-container\">\n\t\t\t\t\t<h2 class=\"elementor-heading-title elementor-size-default\">SINU RAHAMAAILM kaarte tutvustav t\u00f6\u00f6tuba P\u00c4RNU \/ 18.03 kell 18-20<\/h2>\t\t\t\t<\/div>\n\t\t\t\t<\/div>\n\t\t<div class=\"elementor-element elementor-element-aac2f92 e-con-full e-flex e-con e-child\" data-id=\"aac2f92\" data-element_type=\"container\" data-e-type=\"container\">\n\t\t\t\t<div class=\"elementor-element elementor-element-2ddf0a5 elementor-widget elementor-widget-button\" data-id=\"2ddf0a5\" data-element_type=\"widget\" data-e-type=\"widget\" data-widget_type=\"button.default\">\n\t\t\t\t<div class=\"elementor-widget-container\">\n\t\t\t\t\t\t\t\t\t<div class=\"elementor-button-wrapper\">\n\t\t\t\t\t<a class=\"elementor-button elementor-button-link elementor-size-sm\" href=\"https:\/\/riine.ee\/rahamaailm-tootuba-parnu\/\">\n\t\t\t\t\t\t<span class=\"elementor-button-content-wrapper\">\n\t\t\t\t\t\t\t\t\t<span class=\"elementor-button-text\">Read more<\/span>\n\t\t\t\t\t<\/span>\n\t\t\t\t\t<\/a>\n\t\t\t\t<\/div>\n\t\t\t\t\t\t\t\t<\/div>\n\t\t\t\t<\/div>\n\t\t\t\t<div class=\"elementor-element elementor-element-97b9f02 elementor-widget elementor-widget-button\" data-id=\"97b9f02\" data-element_type=\"widget\" data-e-type=\"widget\" data-widget_type=\"button.default\">\n\t\t\t\t<div class=\"elementor-widget-container\">\n\t\t\t\t\t\t\t\t\t<div class=\"elementor-button-wrapper\">\n\t\t\t\t\t<a class=\"elementor-button elementor-button-link elementor-size-sm\" href=\"https:\/\/riine.ee\/kontakt\/\">\n\t\t\t\t\t\t<span class=\"elementor-button-content-wrapper\">\n\t\t\t\t\t\t\t\t\t<span class=\"elementor-button-text\">Registreeri<\/span>\n\t\t\t\t\t<\/span>\n\t\t\t\t\t<\/a>\n\t\t\t\t<\/div>\n\t\t\t\t\t\t\t\t<\/div>\n\t\t\t\t<\/div>\n\t\t\t\t<\/div>\n\t\t\t\t<\/div>\n\t\t\t\t<\/div>\n\t\t<div class=\"elementor-element elementor-element-826700b e-con-full e-flex e-con e-child\" data-id=\"826700b\" data-element_type=\"container\" data-e-type=\"container\" data-settings=\"{&quot;background_background&quot;:&quot;classic&quot;}\">\n\t\t<div class=\"elementor-element elementor-element-6319d8c e-con-full e-flex e-con e-child\" data-id=\"6319d8c\" data-element_type=\"container\" data-e-type=\"container\">\n\t\t\t\t<div class=\"elementor-element elementor-element-1390da2 elementor-widget elementor-widget-image\" data-id=\"1390da2\" data-element_type=\"widget\" data-e-type=\"widget\" data-widget_type=\"image.default\">\n\t\t\t\t<div class=\"elementor-widget-container\">\n\t\t\t\t\t\t\t\t\t\t\t\t\t\t\t<img fetchpriority=\"high\" decoding=\"async\" width=\"768\" height=\"1024\" src=\"https:\/\/riine.ee\/wp-content\/uploads\/2026\/01\/IMG_0381-768x1024.jpg\" class=\"attachment-large size-large wp-image-3313\" alt=\"Your Money World Systemic Cards in English.\" srcset=\"https:\/\/riine.ee\/wp-content\/uploads\/2026\/01\/IMG_0381-768x1024.jpg 768w, https:\/\/riine.ee\/wp-content\/uploads\/2026\/01\/IMG_0381-225x300.jpg 225w, https:\/\/riine.ee\/wp-content\/uploads\/2026\/01\/IMG_0381-1152x1536.jpg 1152w, https:\/\/riine.ee\/wp-content\/uploads\/2026\/01\/IMG_0381-9x12.jpg 9w, https:\/\/riine.ee\/wp-content\/uploads\/2026\/01\/IMG_0381-600x800.jpg 600w, https:\/\/riine.ee\/wp-content\/uploads\/2026\/01\/IMG_0381.jpg 1536w\" sizes=\"(max-width: 768px) 100vw, 768px\" \/>\t\t\t\t\t\t\t\t\t\t\t\t\t\t\t<\/div>\n\t\t\t\t<\/div>\n\t\t\t\t<\/div>\n\t\t<div class=\"elementor-element elementor-element-81a5742 e-con-full e-flex e-con e-child\" data-id=\"81a5742\" data-element_type=\"container\" data-e-type=\"container\">\n\t\t\t\t<div class=\"elementor-element elementor-element-4f19884 elementor-widget elementor-widget-heading\" data-id=\"4f19884\" data-element_type=\"widget\" data-e-type=\"widget\" data-widget_type=\"heading.default\">\n\t\t\t\t<div class=\"elementor-widget-container\">\n\t\t\t\t\t<h2 class=\"elementor-heading-title elementor-size-default\">SINU RAHAMAAILM kaarte tutvustav t\u00f6\u00f6tuba TALLINN \/ 26.03 kell 19-21<\/h2>\t\t\t\t<\/div>\n\t\t\t\t<\/div>\n\t\t<div class=\"elementor-element elementor-element-ca51a5f e-con-full e-flex e-con e-child\" data-id=\"ca51a5f\" data-element_type=\"container\" data-e-type=\"container\">\n\t\t\t\t<div class=\"elementor-element elementor-element-4154927 elementor-widget elementor-widget-button\" data-id=\"4154927\" data-element_type=\"widget\" data-e-type=\"widget\" data-widget_type=\"button.default\">\n\t\t\t\t<div class=\"elementor-widget-container\">\n\t\t\t\t\t\t\t\t\t<div class=\"elementor-button-wrapper\">\n\t\t\t\t\t<a class=\"elementor-button elementor-button-link elementor-size-sm\" href=\"https:\/\/riine.ee\/rahamaailm-tootuba-tallinn\/\">\n\t\t\t\t\t\t<span class=\"elementor-button-content-wrapper\">\n\t\t\t\t\t\t\t\t\t<span class=\"elementor-button-text\">Read more<\/span>\n\t\t\t\t\t<\/span>\n\t\t\t\t\t<\/a>\n\t\t\t\t<\/div>\n\t\t\t\t\t\t\t\t<\/div>\n\t\t\t\t<\/div>\n\t\t\t\t<div class=\"elementor-element elementor-element-69617c2 elementor-widget elementor-widget-button\" data-id=\"69617c2\" data-element_type=\"widget\" data-e-type=\"widget\" data-widget_type=\"button.default\">\n\t\t\t\t<div class=\"elementor-widget-container\">\n\t\t\t\t\t\t\t\t\t<div class=\"elementor-button-wrapper\">\n\t\t\t\t\t<a class=\"elementor-button elementor-button-link elementor-size-sm\" href=\"https:\/\/riine.ee\/kontakt\/\">\n\t\t\t\t\t\t<span class=\"elementor-button-content-wrapper\">\n\t\t\t\t\t\t\t\t\t<span class=\"elementor-button-text\">Registreeri<\/span>\n\t\t\t\t\t<\/span>\n\t\t\t\t\t<\/a>\n\t\t\t\t<\/div>\n\t\t\t\t\t\t\t\t<\/div>\n\t\t\t\t<\/div>\n\t\t\t\t<\/div>\n\t\t\t\t<\/div>\n\t\t\t\t<\/div>\n\t\t\t\t\t<\/div>\n\t\t\t\t<\/div>\n\t\t<div class=\"elementor-element elementor-element-b2e2bf5 e-flex e-con-boxed e-con e-parent\" data-id=\"b2e2bf5\" data-element_type=\"container\" data-e-type=\"container\" data-settings=\"{&quot;background_background&quot;:&quot;classic&quot;}\">\n\t\t\t\t\t<div class=\"e-con-inner\">\n\t\t\t\t<div class=\"elementor-element elementor-element-a0da9ce elementor-widget elementor-widget-eael-woo-product-list\" data-id=\"a0da9ce\" data-element_type=\"widget\" data-e-type=\"widget\" data-widget_type=\"eael-woo-product-list.default\">\n\t\t\t\t<div class=\"elementor-widget-container\">\n\t\t\t\t\t\n        <div class=\"eael-product-list-wrapper preset-1\">\n            <div class=\"eael-product-list-body woocommerce\">\n                <div class=\"eael-product-list-container\">\n                    <div class=\"eael-post-appender\">\n                        <div class=\"product post-3277 type-product status-publish has-post-thumbnail product_cat-uritused desktop-align-left tablet-align-left mobile-align-left ast-product-gallery-layout-horizontal ast-product-gallery-with-no-image ast-magnify-disabled ast-product-single-variable ast-product-tabs-layout-horizontal first instock shipping-taxable purchasable product-type-variable\">\n    <div class=\"eael-product-list-item\">\n                \n        <div class=\"eael-product-list-image-wrap\">\n                                                    \n                                            \n            <a href=\"https:\/\/riine.ee\/en\/product\/orgaaniline-turundus-susteemne-tootuba\/\" class=\"woocommerce-LoopProduct-link woocommerce-loop-product__link\" >\n            \n                <img decoding=\"async\" width=\"768\" height=\"461\" src=\"https:\/\/riine.ee\/wp-content\/uploads\/2026\/01\/riine-tootuba-768x461.png\" class=\"attachment-medium_large size-medium_large\" alt=\"Orgaaniline turundus - s\u00fcsteemne t\u00f6\u00f6tuba \/ 17.04 TALLINN\" loading=\"eager\" \/>            \n                               \n            <\/a>\n            \n                        <ul class=\"eael-product-list-buttons-on-hover\">\n                                <li class=\"eael-product-list-add-to-cart-button eael-m-0\">\n                    <a href=\"https:\/\/riine.ee\/en\/product\/orgaaniline-turundus-susteemne-tootuba\/\" aria-describedby=\"woocommerce_loop_add_to_cart_link_describedby_3277\" data-quantity=\"1\" class=\"button product_type_variable add_to_cart_button\" data-product_id=\"3277\" data-product_sku=\"\" aria-label=\"Select options for \u201cOrgaaniline turundus - s\u00fcsteemne t\u00f6\u00f6tuba \/ 17.04 TALLINN\u201d\" rel=\"nofollow\" data-no-translation=\"\" data-trp-gettext=\"\" data-no-translation-aria-label=\"\">Select options<\/a>\t<span id=\"woocommerce_loop_add_to_cart_link_describedby_3277\" class=\"screen-reader-text\">\n\t\tThis product has multiple variants. The options may be chosen on the product page\t<\/span>\n                <\/li>\n                \n                \n                            <\/ul>\n                    <\/div>\n\n        <div class=\"eael-product-list-content-wrap\">\n            \n            <div class=\"eael-product-list-content-header\" >\n                                \n                <div class=\"eael-product-list-notice eael-product-list-notice-shiping-free\">\n                                    <\/div>\n            <\/div>\n            <div class=\"eael-product-list-content-body\">\n                            <h2 class=\"eael-product-list-title\">\n                                <a href=\"https:\/\/riine.ee\/en\/product\/orgaaniline-turundus-susteemne-tootuba\/\" class=\"woocommerce-LoopProduct-link woocommerce-loop-product__link\" target=\"_blank\">\n                    Orgaaniline turundus - s\u00fcsteemne t\u00f6\u00f6tuba \/ 17.04 TALLINN                <\/a>\n                            <\/h2>\n        \n                                <div class=\"eael-product-list-excerpt\">\n                    Kuula orgaanilise turunduse kohta l\u00e4hemalt Podcasti Kohtumised teetassi taga 1. episoodis: KUULA SIIN                <\/div>\n                \n                                <h3 class=\"eael-product-list-price\">\n                    <span class=\"woocommerce-Price-amount amount\">125,00&nbsp;<span class=\"woocommerce-Price-currencySymbol\">&euro;<\/span><\/span>                <\/h3>\n                            <\/div>\n            <div class=\"eael-product-list-content-footer\">\n                \n                                <div class=\"eael-product-list-buttons\">\n                                        <p class=\"eael-product-list-add-to-cart-button eael-m-0\"><a href=\"https:\/\/riine.ee\/en\/product\/orgaaniline-turundus-susteemne-tootuba\/\" aria-describedby=\"woocommerce_loop_add_to_cart_link_describedby_3277\" data-quantity=\"1\" class=\"button product_type_variable add_to_cart_button\" data-product_id=\"3277\" data-product_sku=\"\" aria-label=\"Select options for \u201cOrgaaniline turundus - s\u00fcsteemne t\u00f6\u00f6tuba \/ 17.04 TALLINN\u201d\" rel=\"nofollow\" data-no-translation=\"\" data-trp-gettext=\"\" data-no-translation-aria-label=\"\">Select options<\/a>\t<span id=\"woocommerce_loop_add_to_cart_link_describedby_3277\" class=\"screen-reader-text\">\n\t\tThis product has multiple variants. The options may be chosen on the product page\t<\/span>\n<\/p>\n                    \n                                    <\/div>\n                            <\/div>\n        <\/div>\n    <\/div>\n<\/div>                    <\/div>\n\n                    \n                <\/div>\n            <\/div>\n        <\/div>\n\n\t\t\t\t\t\t<\/div>\n\t\t\t\t<\/div>\n\t\t\t\t\t<\/div>\n\t\t\t\t<\/div>\n\t\t\t\t<\/div>","protected":false},"excerpt":{"rendered":"<p>Tulevased s\u00fcndmused SINU RAHAMAAILM kaarte tutvustav t\u00f6\u00f6tuba P\u00c4RNU \/ 18.03 kell 18-20 Loe rohkem Registreeri SINU [&hellip;]<\/p>\n","protected":false},"author":1,"featured_media":0,"parent":0,"menu_order":0,"comment_status":"closed","ping_status":"closed","template":"","meta":{"_uag_custom_page_level_css":"","site-sidebar-layout":"no-sidebar","site-content-layout":"page-builder","ast-site-content-layout":"default","site-content-style":"default","site-sidebar-style":"default","ast-global-header-display":"","ast-banner-title-visibility":"","ast-main-header-display":"","ast-hfb-above-header-display":"","ast-hfb-below-header-display":"","ast-hfb-mobile-header-display":"","site-post-title":"disabled","ast-breadcrumbs-content":"","ast-featured-img":"disabled","footer-sml-layout":"","ast-disable-related-posts":"","theme-transparent-header-meta":"enabled","adv-header-id-meta":"","stick-header-meta":"","header-above-stick-meta":"","header-main-stick-meta":"","header-below-stick-meta":"","astra-migrate-meta-layouts":"default","ast-page-background-enabled":"default","ast-page-background-meta":{"desktop":{"background-color":"","background-image":"","background-repeat":"repeat","background-position":"center center","background-size":"auto","background-attachment":"scroll","background-type":"","background-media":"","overlay-type":"","overlay-color":"","overlay-opacity":"","overlay-gradient":""},"tablet":{"background-color":"","background-image":"","background-repeat":"repeat","background-position":"center center","background-size":"auto","background-attachment":"scroll","background-type":"","background-media":"","overlay-type":"","overlay-color":"","overlay-opacity":"","overlay-gradient":""},"mobile":{"background-color":"","background-image":"","background-repeat":"repeat","background-position":"center center","background-size":"auto","background-attachment":"scroll","background-type":"","background-media":"","overlay-type":"","overlay-color":"","overlay-opacity":"","overlay-gradient":""}},"ast-content-background-meta":{"desktop":{"background-color":"var(--ast-global-color-5)","background-image":"","background-repeat":"repeat","background-position":"center center","background-size":"auto","background-attachment":"scroll","background-type":"","background-media":"","overlay-type":"","overlay-color":"","overlay-opacity":"","overlay-gradient":""},"tablet":{"background-color":"var(--ast-global-color-5)","background-image":"","background-repeat":"repeat","background-position":"center center","background-size":"auto","background-attachment":"scroll","background-type":"","background-media":"","overlay-type":"","overlay-color":"","overlay-opacity":"","overlay-gradient":""},"mobile":{"background-color":"var(--ast-global-color-5)","background-image":"","background-repeat":"repeat","background-position":"center center","background-size":"auto","background-attachment":"scroll","background-type":"","background-media":"","overlay-type":"","overlay-color":"","overlay-opacity":"","overlay-gradient":""}},"jetpack_post_was_ever_published":true,"footnotes":""},"class_list":["post-3001","page","type-page","status-publish","hentry","desktop-align-left","tablet-align-left","mobile-align-left","ast-product-gallery-layout-horizontal","ast-product-gallery-with-no-image","ast-magnify-disabled","ast-product-single-variable","ast-product-tabs-layout-horizontal"],"uagb_featured_image_src":{"full":false,"thumbnail":false,"medium":false,"medium_large":false,"large":false,"1536x1536":false,"2048x2048":false,"trp-custom-language-flag":false,"woocommerce_thumbnail":false,"woocommerce_single":false,"woocommerce_gallery_thumbnail":false},"uagb_author_info":{"display_name":"riineaidberg","author_link":"https:\/\/riine.ee\/en\/author\/riineaidberg\/"},"uagb_comment_info":0,"uagb_excerpt":"Tulevased s\u00fcndmused SINU RAHAMAAILM kaarte tutvustav t\u00f6\u00f6tuba P\u00c4RNU \/ 18.03 kell 18-20 Loe rohkem Registreeri SINU [&hellip;]","jetpack_sharing_enabled":true,"_links":{"self":[{"href":"https:\/\/riine.ee\/en\/wp-json\/wp\/v2\/pages\/3001","targetHints":{"allow":["GET"]}}],"collection":[{"href":"https:\/\/riine.ee\/en\/wp-json\/wp\/v2\/pages"}],"about":[{"href":"https:\/\/riine.ee\/en\/wp-json\/wp\/v2\/types\/page"}],"author":[{"embeddable":true,"href":"https:\/\/riine.ee\/en\/wp-json\/wp\/v2\/users\/1"}],"replies":[{"embeddable":true,"href":"https:\/\/riine.ee\/en\/wp-json\/wp\/v2\/comments?post=3001"}],"version-history":[{"count":5,"href":"https:\/\/riine.ee\/en\/wp-json\/wp\/v2\/pages\/3001\/revisions"}],"predecessor-version":[{"id":3703,"href":"https:\/\/riine.ee\/en\/wp-json\/wp\/v2\/pages\/3001\/revisions\/3703"}],"wp:attachment":[{"href":"https:\/\/riine.ee\/en\/wp-json\/wp\/v2\/media?parent=3001"}],"curies":[{"name":"wp","href":"https:\/\/api.w.org\/{rel}","templated":true}]}}