{"id":3756,"date":"2026-04-16T23:44:38","date_gmt":"2026-04-16T20:44:38","guid":{"rendered":"https:\/\/riine.ee\/?page_id=3756"},"modified":"2026-04-17T11:07:35","modified_gmt":"2026-04-17T08:07:35","slug":"iluteenindajate-konstellatsiooni-tootuba","status":"publish","type":"page","link":"https:\/\/riine.ee\/en\/iluteenindajate-konstellatsiooni-tootuba\/","title":{"rendered":"Iluteenindajate konstellatsiooni t\u00f6\u00f6tuba"},"content":{"rendered":"<div data-elementor-type=\"wp-post\" data-elementor-id=\"3756\" class=\"elementor elementor-3756\">\n\t\t\t\t<div class=\"elementor-element elementor-element-3d54503b e-con-full e-flex e-con e-parent\" data-id=\"3d54503b\" data-element_type=\"container\" data-e-type=\"container\" data-settings=\"{&quot;background_background&quot;:&quot;classic&quot;}\">\n\t\t<div class=\"elementor-element elementor-element-249e3329 e-con-full e-flex e-con e-child\" data-id=\"249e3329\" data-element_type=\"container\" data-e-type=\"container\">\n\t\t\t\t<div class=\"elementor-element elementor-element-57dd9eb2 elementor-widget elementor-widget-heading\" data-id=\"57dd9eb2\" data-element_type=\"widget\" data-e-type=\"widget\" data-widget_type=\"heading.default\">\n\t\t\t\t<div class=\"elementor-widget-container\">\n\t\t\t\t\t<h1 class=\"elementor-heading-title elementor-size-default\">Iluteenindajate konstellatsiooni t\u00f6\u00f6tuba<\/h1>\t\t\t\t<\/div>\n\t\t\t\t<\/div>\n\t\t\t\t<\/div>\n\t\t\t\t<\/div>\n\t\t<div class=\"elementor-element elementor-element-2bb2686a e-flex e-con-boxed e-con e-parent\" data-id=\"2bb2686a\" data-element_type=\"container\" data-e-type=\"container\">\n\t\t\t\t\t<div class=\"e-con-inner\">\n\t\t<div class=\"elementor-element elementor-element-6eeda4b2 e-con-full e-flex e-con e-child\" data-id=\"6eeda4b2\" data-element_type=\"container\" data-e-type=\"container\">\n\t\t\t\t<div class=\"elementor-element elementor-element-259394be elementor-widget elementor-widget-image\" data-id=\"259394be\" data-element_type=\"widget\" data-e-type=\"widget\" data-widget_type=\"image.default\">\n\t\t\t\t<div class=\"elementor-widget-container\">\n\t\t\t\t\t\t\t\t\t\t\t\t\t\t\t<img fetchpriority=\"high\" decoding=\"async\" width=\"684\" height=\"1024\" src=\"https:\/\/riine.ee\/wp-content\/uploads\/2026\/04\/juuksur-684x1024.jpg\" class=\"attachment-large size-large wp-image-3739\" alt=\"\" srcset=\"https:\/\/riine.ee\/wp-content\/uploads\/2026\/04\/juuksur-684x1024.jpg 684w, https:\/\/riine.ee\/wp-content\/uploads\/2026\/04\/juuksur-200x300.jpg 200w, https:\/\/riine.ee\/wp-content\/uploads\/2026\/04\/juuksur-768x1150.jpg 768w, https:\/\/riine.ee\/wp-content\/uploads\/2026\/04\/juuksur-1026x1536.jpg 1026w, https:\/\/riine.ee\/wp-content\/uploads\/2026\/04\/juuksur-1367x2048.jpg 1367w, https:\/\/riine.ee\/wp-content\/uploads\/2026\/04\/juuksur-8x12.jpg 8w, https:\/\/riine.ee\/wp-content\/uploads\/2026\/04\/juuksur-600x899.jpg 600w, https:\/\/riine.ee\/wp-content\/uploads\/2026\/04\/juuksur-scaled.jpg 1709w\" sizes=\"(max-width: 684px) 100vw, 684px\" \/>\t\t\t\t\t\t\t\t\t\t\t\t\t\t\t<\/div>\n\t\t\t\t<\/div>\n\t\t\t\t<\/div>\n\t\t<div class=\"elementor-element elementor-element-3405a87b e-con-full e-flex e-con e-child\" data-id=\"3405a87b\" data-element_type=\"container\" data-e-type=\"container\">\n\t\t\t\t<div class=\"elementor-element elementor-element-622db124 elementor-widget elementor-widget-heading\" data-id=\"622db124\" data-element_type=\"widget\" data-e-type=\"widget\" data-widget_type=\"heading.default\">\n\t\t\t\t<div class=\"elementor-widget-container\">\n\t\t\t\t\t<h2 class=\"elementor-heading-title elementor-size-default\">Iluteenindajate konstellatsiooni t\u00f6\u00f6tuba<\/h2>\t\t\t\t<\/div>\n\t\t\t\t<\/div>\n\t\t\t\t<div class=\"elementor-element elementor-element-7f2bd24f elementor-icon-list--layout-traditional elementor-list-item-link-full_width elementor-widget elementor-widget-icon-list\" data-id=\"7f2bd24f\" data-element_type=\"widget\" data-e-type=\"widget\" data-widget_type=\"icon-list.default\">\n\t\t\t\t<div class=\"elementor-widget-container\">\n\t\t\t\t\t\t\t<ul class=\"elementor-icon-list-items\">\n\t\t\t\t\t\t\t<li class=\"elementor-icon-list-item\">\n\t\t\t\t\t\t\t\t\t\t\t<span class=\"elementor-icon-list-icon\">\n\t\t\t\t\t\t\t<svg aria-hidden=\"true\" class=\"e-font-icon-svg e-fas-calendar-check\" viewbox=\"0 0 448 512\" xmlns=\"http:\/\/www.w3.org\/2000\/svg\"><path d=\"M436 160H12c-6.627 0-12-5.373-12-12v-36c0-26.51 21.49-48 48-48h48V12c0-6.627 5.373-12 12-12h40c6.627 0 12 5.373 12 12v52h128V12c0-6.627 5.373-12 12-12h40c6.627 0 12 5.373 12 12v52h48c26.51 0 48 21.49 48 48v36c0 6.627-5.373 12-12 12zM12 192h424c6.627 0 12 5.373 12 12v260c0 26.51-21.49 48-48 48H48c-26.51 0-48-21.49-48-48V204c0-6.627 5.373-12 12-12zm333.296 95.947l-28.169-28.398c-4.667-4.705-12.265-4.736-16.97-.068L194.12 364.665l-45.98-46.352c-4.667-4.705-12.266-4.736-16.971-.068l-28.397 28.17c-4.705 4.667-4.736 12.265-.068 16.97l82.601 83.269c4.667 4.705 12.265 4.736 16.97.068l142.953-141.805c4.705-4.667 4.736-12.265.068-16.97z\"><\/path><\/svg>\t\t\t\t\t\t<\/span>\n\t\t\t\t\t\t\t\t\t\t<span class=\"elementor-icon-list-text\">18. mai<\/span>\n\t\t\t\t\t\t\t\t\t<\/li>\n\t\t\t\t\t\t\t\t<li class=\"elementor-icon-list-item\">\n\t\t\t\t\t\t\t\t\t\t\t<span class=\"elementor-icon-list-icon\">\n\t\t\t\t\t\t\t<svg aria-hidden=\"true\" class=\"e-font-icon-svg e-fas-clock\" viewbox=\"0 0 512 512\" xmlns=\"http:\/\/www.w3.org\/2000\/svg\"><path d=\"M256,8C119,8,8,119,8,256S119,504,256,504,504,393,504,256,393,8,256,8Zm92.49,313h0l-20,25a16,16,0,0,1-22.49,2.5h0l-67-49.72a40,40,0,0,1-15-31.23V112a16,16,0,0,1,16-16h32a16,16,0,0,1,16,16V256l58,42.5A16,16,0,0,1,348.49,321Z\"><\/path><\/svg>\t\t\t\t\t\t<\/span>\n\t\t\t\t\t\t\t\t\t\t<span class=\"elementor-icon-list-text\">Kell 11\u201314<\/span>\n\t\t\t\t\t\t\t\t\t<\/li>\n\t\t\t\t\t\t\t\t<li class=\"elementor-icon-list-item\">\n\t\t\t\t\t\t\t\t\t\t\t<span class=\"elementor-icon-list-icon\">\n\t\t\t\t\t\t\t<svg aria-hidden=\"true\" class=\"e-font-icon-svg e-fas-map-marker-alt\" viewbox=\"0 0 384 512\" xmlns=\"http:\/\/www.w3.org\/2000\/svg\"><path d=\"M172.268 501.67C26.97 291.031 0 269.413 0 192 0 85.961 85.961 0 192 0s192 85.961 192 192c0 77.413-26.97 99.031-172.268 309.67-9.535 13.774-29.93 13.773-39.464 0zM192 272c44.183 0 80-35.817 80-80s-35.817-80-80-80-80 35.817-80 80 35.817 80 80 80z\"><\/path><\/svg>\t\t\t\t\t\t<\/span>\n\t\t\t\t\t\t\t\t\t\t<span class=\"elementor-icon-list-text\">Veerenni 55, III korrus, Tallinn<\/span>\n\t\t\t\t\t\t\t\t\t<\/li>\n\t\t\t\t\t\t\t\t<li class=\"elementor-icon-list-item\">\n\t\t\t\t\t\t\t\t\t\t\t<span class=\"elementor-icon-list-icon\">\n\t\t\t\t\t\t\t<svg aria-hidden=\"true\" class=\"e-font-icon-svg e-fas-euro-sign\" viewbox=\"0 0 320 512\" xmlns=\"http:\/\/www.w3.org\/2000\/svg\"><path d=\"M310.706 413.765c-1.314-6.63-7.835-10.872-14.424-9.369-10.692 2.439-27.422 5.413-45.426 5.413-56.763 0-101.929-34.79-121.461-85.449h113.689a12 12 0 0 0 11.708-9.369l6.373-28.36c1.686-7.502-4.019-14.631-11.708-14.631H115.22c-1.21-14.328-1.414-28.287.137-42.245H261.95a12 12 0 0 0 11.723-9.434l6.512-29.755c1.638-7.484-4.061-14.566-11.723-14.566H130.184c20.633-44.991 62.69-75.03 117.619-75.03 14.486 0 28.564 2.25 37.851 4.145 6.216 1.268 12.347-2.498 14.002-8.623l11.991-44.368c1.822-6.741-2.465-13.616-9.326-14.917C290.217 34.912 270.71 32 249.635 32 152.451 32 74.03 92.252 45.075 176H12c-6.627 0-12 5.373-12 12v29.755c0 6.627 5.373 12 12 12h21.569c-1.009 13.607-1.181 29.287-.181 42.245H12c-6.627 0-12 5.373-12 12v28.36c0 6.627 5.373 12 12 12h30.114C67.139 414.692 145.264 480 249.635 480c26.301 0 48.562-4.544 61.101-7.788 6.167-1.595 10.027-7.708 8.788-13.957l-8.818-44.49z\"><\/path><\/svg>\t\t\t\t\t\t<\/span>\n\t\t\t\t\t\t\t\t\t\t<span class=\"elementor-icon-list-text\">40\u20ac<\/span>\n\t\t\t\t\t\t\t\t\t<\/li>\n\t\t\t\t\t\t<\/ul>\n\t\t\t\t\t\t<\/div>\n\t\t\t\t<\/div>\n\t\t\t\t<div class=\"elementor-element elementor-element-6184c21b elementor-widget elementor-widget-text-editor\" data-id=\"6184c21b\" data-element_type=\"widget\" data-e-type=\"widget\" data-widget_type=\"text-editor.default\">\n\t\t\t\t<div class=\"elementor-widget-container\">\n\t\t\t\t\t\t\t\t\t<p>3 tundi praktilist t\u00f6\u00f6d iluteenindusega seotud teemadega.<\/p><p>Iluteenindaja t\u00f6\u00f6 ei ole ainult ilu loomine. Kliendid, t\u00f6\u00f6korraldus, hinnakujundus, raha, salongivalik, suhted tiimis, pinged ja k\u00fcsimus, kuidas selles k\u00f5iges ise spetsialistina kestma j\u00e4\u00e4da.<\/p><p>See t\u00f6\u00f6tuba on m\u00f5eldud iluteenindajale, kes soovib m\u00f5nda oma t\u00f6\u00f6elu puudutavat teemat vaadata s\u00fcsteemsemalt ja s\u00fcgavamalt.<\/p><p>T\u00f6\u00f6toa jooksul on v\u00f5imalik teha l\u00fchit\u00f6id iluteeninduse teemadega n\u00e4iteks:<\/p><ul><li>kui vajad rohkem vaba aega<\/li><li>kuidas luua orgaanilist turundust nii, et sinu kliendid soovitavad sind edasi<\/li><li>sinu teenuste disain ja hinnakujundus<\/li><li>kuidas valida endale t\u00f6\u00f6tamiseks sobiv salong<\/li><li>finantsid ja raha<\/li><li>kuidas teha karj\u00e4\u00e4ri iluvaldkonnas<\/li><li>suhtlemine keerulise kliendiga<\/li><li>kuidas lahendada arusaamatus v\u00f5i konflikt kliendi v\u00f5i kolleegiga<\/li><li>miks klient valib just sinu enda iluspetsialistiks<\/li><\/ul><p>See ei ole koht lihtsalt kuulamiseks v\u00f5i \u00fcldiste n\u00f5uannete saamiseks.<\/p><p>See on v\u00f5imalus vaadata oma teemat l\u00e4hemalt, m\u00e4rgata seda, mis sind t\u00e4na m\u00f5jutab, ja saada rohkem aru, mida sa vajad, et edasi liikuda.<\/p><p>Kui soovid t\u00f6\u00f6tada nende teemadega privaatselt 1:1 sessioonil, siis kirjuta mulle.<\/p>\t\t\t\t\t\t\t\t<\/div>\n\t\t\t\t<\/div>\n\t\t\t\t<div class=\"elementor-element elementor-element-52dbf1c6 elementor-mobile-align-center elementor-widget elementor-widget-button\" data-id=\"52dbf1c6\" data-element_type=\"widget\" data-e-type=\"widget\" data-widget_type=\"button.default\">\n\t\t\t\t<div class=\"elementor-widget-container\">\n\t\t\t\t\t\t\t\t\t<div class=\"elementor-button-wrapper\">\n\t\t\t\t\t<a class=\"elementor-button elementor-button-link elementor-size-sm\" href=\"https:\/\/riine.ee\/kontakt\/\">\n\t\t\t\t\t\t<span class=\"elementor-button-content-wrapper\">\n\t\t\t\t\t\t\t\t\t<span class=\"elementor-button-text\">Registreeru<\/span>\n\t\t\t\t\t<\/span>\n\t\t\t\t\t<\/a>\n\t\t\t\t<\/div>\n\t\t\t\t\t\t\t\t<\/div>\n\t\t\t\t<\/div>\n\t\t\t\t<\/div>\n\t\t\t\t\t<\/div>\n\t\t\t\t<\/div>\n\t\t\t\t<\/div>","protected":false},"excerpt":{"rendered":"<p>Iluteenindajate konstellatsiooni t\u00f6\u00f6tuba Iluteenindajate konstellatsiooni t\u00f6\u00f6tuba 18. mai Kell 11\u201314 Veerenni 55, III korrus, Tallinn 40\u20ac [&hellip;]<\/p>\n","protected":false},"author":1,"featured_media":0,"parent":0,"menu_order":0,"comment_status":"closed","ping_status":"closed","template":"","meta":{"_uag_custom_page_level_css":"","site-sidebar-layout":"no-sidebar","site-content-layout":"page-builder","ast-site-content-layout":"default","site-content-style":"default","site-sidebar-style":"default","ast-global-header-display":"","ast-banner-title-visibility":"","ast-main-header-display":"","ast-hfb-above-header-display":"","ast-hfb-below-header-display":"","ast-hfb-mobile-header-display":"","site-post-title":"disabled","ast-breadcrumbs-content":"","ast-featured-img":"disabled","footer-sml-layout":"","ast-disable-related-posts":"","theme-transparent-header-meta":"enabled","adv-header-id-meta":"","stick-header-meta":"","header-above-stick-meta":"","header-main-stick-meta":"","header-below-stick-meta":"","astra-migrate-meta-layouts":"default","ast-page-background-enabled":"default","ast-page-background-meta":{"desktop":{"background-color":"","background-image":"","background-repeat":"repeat","background-position":"center center","background-size":"auto","background-attachment":"scroll","background-type":"","background-media":"","overlay-type":"","overlay-color":"","overlay-opacity":"","overlay-gradient":""},"tablet":{"background-color":"","background-image":"","background-repeat":"repeat","background-position":"center center","background-size":"auto","background-attachment":"scroll","background-type":"","background-media":"","overlay-type":"","overlay-color":"","overlay-opacity":"","overlay-gradient":""},"mobile":{"background-color":"","background-image":"","background-repeat":"repeat","background-position":"center center","background-size":"auto","background-attachment":"scroll","background-type":"","background-media":"","overlay-type":"","overlay-color":"","overlay-opacity":"","overlay-gradient":""}},"ast-content-background-meta":{"desktop":{"background-color":"var(--ast-global-color-5)","background-image":"","background-repeat":"repeat","background-position":"center center","background-size":"auto","background-attachment":"scroll","background-type":"","background-media":"","overlay-type":"","overlay-color":"","overlay-opacity":"","overlay-gradient":""},"tablet":{"background-color":"var(--ast-global-color-5)","background-image":"","background-repeat":"repeat","background-position":"center center","background-size":"auto","background-attachment":"scroll","background-type":"","background-media":"","overlay-type":"","overlay-color":"","overlay-opacity":"","overlay-gradient":""},"mobile":{"background-color":"var(--ast-global-color-5)","background-image":"","background-repeat":"repeat","background-position":"center center","background-size":"auto","background-attachment":"scroll","background-type":"","background-media":"","overlay-type":"","overlay-color":"","overlay-opacity":"","overlay-gradient":""}},"jetpack_post_was_ever_published":true,"footnotes":""},"class_list":["post-3756","page","type-page","status-publish","hentry"],"uagb_featured_image_src":{"full":false,"thumbnail":false,"medium":false,"medium_large":false,"large":false,"1536x1536":false,"2048x2048":false,"trp-custom-language-flag":false,"woocommerce_thumbnail":false,"woocommerce_single":false,"woocommerce_gallery_thumbnail":false},"uagb_author_info":{"display_name":"riineaidberg","author_link":"https:\/\/riine.ee\/en\/author\/riineaidberg\/"},"uagb_comment_info":0,"uagb_excerpt":"Iluteenindajate konstellatsiooni t\u00f6\u00f6tuba Iluteenindajate konstellatsiooni t\u00f6\u00f6tuba 18. mai Kell 11\u201314 Veerenni 55, III korrus, Tallinn 40\u20ac [&hellip;]","jetpack_sharing_enabled":true,"_links":{"self":[{"href":"https:\/\/riine.ee\/en\/wp-json\/wp\/v2\/pages\/3756","targetHints":{"allow":["GET"]}}],"collection":[{"href":"https:\/\/riine.ee\/en\/wp-json\/wp\/v2\/pages"}],"about":[{"href":"https:\/\/riine.ee\/en\/wp-json\/wp\/v2\/types\/page"}],"author":[{"embeddable":true,"href":"https:\/\/riine.ee\/en\/wp-json\/wp\/v2\/users\/1"}],"replies":[{"embeddable":true,"href":"https:\/\/riine.ee\/en\/wp-json\/wp\/v2\/comments?post=3756"}],"version-history":[{"count":7,"href":"https:\/\/riine.ee\/en\/wp-json\/wp\/v2\/pages\/3756\/revisions"}],"predecessor-version":[{"id":3815,"href":"https:\/\/riine.ee\/en\/wp-json\/wp\/v2\/pages\/3756\/revisions\/3815"}],"wp:attachment":[{"href":"https:\/\/riine.ee\/en\/wp-json\/wp\/v2\/media?parent=3756"}],"curies":[{"name":"wp","href":"https:\/\/api.w.org\/{rel}","templated":true}]}}