{"id":3073,"date":"2026-01-21T16:24:48","date_gmt":"2026-01-21T14:24:48","guid":{"rendered":"https:\/\/riine.ee\/?post_type=product&#038;p=3073"},"modified":"2026-02-04T12:41:29","modified_gmt":"2026-02-04T10:41:29","slug":"sinu-rahamaailm-kaardipakk","status":"publish","type":"product","link":"https:\/\/riine.ee\/en\/product\/sinu-rahamaailm-kaardipakk\/","title":{"rendered":"SINU RAHAMAAILM kaardipakk"},"content":{"rendered":"<p>Kaardipaki m\u00f5\u00f5dud: 12 \u00d7 8 \u00d7 2,5 cm<\/p>\n<p>Kaardipakk sisaldab:<br \/>\n\u2022 56 s\u00fcsteemset kaarti (36 suunakaarti, 10 k\u00fcsimuskaarti ja 10 uskumuskaarti)<br \/>\n\u2022 1 inspiratsioonikaarti<br \/>\n\u2022 juhendit<\/p>","protected":false},"excerpt":{"rendered":"<p>SINU RAHAMAAILM kaardipakk eesti keeles<\/p>\n<p>Need kaardid on loodud sulle rahaga seotud uskumuste ja takistuste l\u00e4bit\u00f6\u00f6tamiseks, et j\u00f5uaksid kohta, kus saad luua rahaga elutervema suhte ning v\u00f5tta raha vastu kergusega.<\/p>\n<p>\u201eSinu Rahamaailm\u201c on praktiline ja s\u00fcgav t\u00f6\u00f6riist, mis aitab sul avastada oma suhtumist rahasse ning varjatud uskumusi ja mustreid, mis m\u00f5jutavad seda, kuidas raha sinu ellu voolab ja sealt v\u00e4lja liigub. Need kaardid toimivad peeglina, tuues n\u00e4htavale mustrid, mis on seni olnud alateadvuses peidus.<\/p>\n<p><strong>Kaardipaki komplekt sisaldab:<\/strong><br \/>\n\u2022 36 suunakaarti \u2014 aitavad n\u00e4ha rahamaailma s\u00fcgavamaid seadusp\u00e4rasusi, nagu tasakaal, austus, andmine ja vastuv\u00f5tmine.<br \/>\n\u2022 10 k\u00fcsimuskaarti \u2014 peegeldavad k\u00fcsimused, mis aitavad tuua n\u00e4htavale selle, mis muidu j\u00e4\u00e4ks varjatuks.<br \/>\n\u2022 10 uskumuskaarti \u2014 paljastavad alateadlikke uskumusi, mis suunavad sinu rahalisi valikuid.<\/p>\n<p><strong>Kellele need sobivad?<\/strong><br \/>\n\u2022 Sulle, kui soovid paremini m\u00f5ista oma rahasuhet, murda lahti vanu mustreid ja hoiakuid ning elada rahaga kergemini ja teadlikumalt.<br \/>\n\u2022 Professionaalidele (coach\u2019id, terapeudid, konstell\u00f6\u00f6rid), kes soovivad lisada oma t\u00f6\u00f6riistade arsenali intuitiivse refleksioonivahendi.<br \/>\n\u2022 Gruppidele ja t\u00f6\u00f6tubade l\u00e4biviijatele, et tuua s\u00fcgavamad teemad esile turvalises ruumis.<\/p>\n<p>Iga kaart on kompass, mis juhatab sind rahaenergia m\u00f5istmise poole \u2014 olgu see isikliku m\u00f5tiskluse, refleksiooni v\u00f5i s\u00fcgava sisemise t\u00f6\u00f6 kaudu.<\/p>","protected":false},"featured_media":3257,"template":"","meta":{"_uag_custom_page_level_css":"","site-sidebar-layout":"default","site-content-layout":"","ast-site-content-layout":"default","site-content-style":"default","site-sidebar-style":"default","ast-global-header-display":"","ast-banner-title-visibility":"","ast-main-header-display":"","ast-hfb-above-header-display":"","ast-hfb-below-header-display":"","ast-hfb-mobile-header-display":"","site-post-title":"","ast-breadcrumbs-content":"","ast-featured-img":"","footer-sml-layout":"","ast-disable-related-posts":"","theme-transparent-header-meta":"default","adv-header-id-meta":"","stick-header-meta":"default","header-above-stick-meta":"","header-main-stick-meta":"","header-below-stick-meta":"","astra-migrate-meta-layouts":"set","ast-page-background-enabled":"default","ast-page-background-meta":{"desktop":{"background-color":"","background-image":"","background-repeat":"repeat","background-position":"center center","background-size":"auto","background-attachment":"scroll","background-type":"","background-media":"","overlay-type":"","overlay-color":"","overlay-opacity":"","overlay-gradient":""},"tablet":{"background-color":"","background-image":"","background-repeat":"repeat","background-position":"center center","background-size":"auto","background-attachment":"scroll","background-type":"","background-media":"","overlay-type":"","overlay-color":"","overlay-opacity":"","overlay-gradient":""},"mobile":{"background-color":"","background-image":"","background-repeat":"repeat","background-position":"center center","background-size":"auto","background-attachment":"scroll","background-type":"","background-media":"","overlay-type":"","overlay-color":"","overlay-opacity":"","overlay-gradient":""}},"ast-content-background-meta":{"desktop":{"background-color":"var(--ast-global-color-5)","background-image":"","background-repeat":"repeat","background-position":"center center","background-size":"auto","background-attachment":"scroll","background-type":"","background-media":"","overlay-type":"","overlay-color":"","overlay-opacity":"","overlay-gradient":""},"tablet":{"background-color":"var(--ast-global-color-5)","background-image":"","background-repeat":"repeat","background-position":"center center","background-size":"auto","background-attachment":"scroll","background-type":"","background-media":"","overlay-type":"","overlay-color":"","overlay-opacity":"","overlay-gradient":""},"mobile":{"background-color":"var(--ast-global-color-5)","background-image":"","background-repeat":"repeat","background-position":"center center","background-size":"auto","background-attachment":"scroll","background-type":"","background-media":"","overlay-type":"","overlay-color":"","overlay-opacity":"","overlay-gradient":""}},"jetpack_post_was_ever_published":false},"product_brand":[],"product_cat":[40],"product_tag":[],"class_list":{"0":"post-3073","1":"product","2":"type-product","3":"status-publish","4":"has-post-thumbnail","6":"product_cat-susteemsed-kaardid","7":"desktop-align-left","8":"tablet-align-left","9":"mobile-align-left","10":"ast-product-gallery-layout-horizontal","11":"ast-magnify-disabled","12":"ast-product-tabs-layout-horizontal","14":"first","15":"instock","16":"shipping-taxable","17":"purchasable","18":"product-type-simple"},"uagb_featured_image_src":{"full":["https:\/\/riine.ee\/wp-content\/uploads\/2026\/01\/IMG_0198-2.jpg",1152,1536,false],"thumbnail":["https:\/\/riine.ee\/wp-content\/uploads\/2026\/01\/IMG_0198-2-150x150.jpg",150,150,true],"medium":["https:\/\/riine.ee\/wp-content\/uploads\/2026\/01\/IMG_0198-2-225x300.jpg",225,300,true],"medium_large":["https:\/\/riine.ee\/wp-content\/uploads\/2026\/01\/IMG_0198-2-768x1024.jpg",768,1024,true],"large":["https:\/\/riine.ee\/wp-content\/uploads\/2026\/01\/IMG_0198-2-768x1024.jpg",768,1024,true],"1536x1536":["https:\/\/riine.ee\/wp-content\/uploads\/2026\/01\/IMG_0198-2.jpg",1152,1536,false],"2048x2048":["https:\/\/riine.ee\/wp-content\/uploads\/2026\/01\/IMG_0198-2.jpg",1152,1536,false],"trp-custom-language-flag":["https:\/\/riine.ee\/wp-content\/uploads\/2026\/01\/IMG_0198-2-9x12.jpg",9,12,true],"woocommerce_thumbnail":["https:\/\/riine.ee\/wp-content\/uploads\/2026\/01\/IMG_0198-2-500x500.jpg",500,500,true],"woocommerce_single":["https:\/\/riine.ee\/wp-content\/uploads\/2026\/01\/IMG_0198-2-600x800.jpg",600,800,true],"woocommerce_gallery_thumbnail":["https:\/\/riine.ee\/wp-content\/uploads\/2026\/01\/IMG_0198-2-100x100.jpg",100,100,true]},"uagb_author_info":{"display_name":"riineaidberg","author_link":"https:\/\/riine.ee\/en\/author\/"},"uagb_comment_info":0,"uagb_excerpt":"SINU RAHAMAAILM kaardipakk eesti keeles Need kaardid on loodud sulle rahaga seotud uskumuste ja takistuste l\u00e4bit\u00f6\u00f6tamiseks, et j\u00f5uaksid kohta, kus saad luua rahaga elutervema suhte ning v\u00f5tta raha vastu kergusega. \u201eSinu Rahamaailm\u201c on praktiline ja s\u00fcgav t\u00f6\u00f6riist, mis aitab sul avastada oma suhtumist rahasse ning varjatud uskumusi ja mustreid, mis m\u00f5jutavad seda, kuidas raha sinu&hellip;","jetpack_sharing_enabled":true,"_links":{"self":[{"href":"https:\/\/riine.ee\/en\/wp-json\/wp\/v2\/product\/3073","targetHints":{"allow":["GET"]}}],"collection":[{"href":"https:\/\/riine.ee\/en\/wp-json\/wp\/v2\/product"}],"about":[{"href":"https:\/\/riine.ee\/en\/wp-json\/wp\/v2\/types\/product"}],"wp:featuredmedia":[{"embeddable":true,"href":"https:\/\/riine.ee\/en\/wp-json\/wp\/v2\/media\/3257"}],"wp:attachment":[{"href":"https:\/\/riine.ee\/en\/wp-json\/wp\/v2\/media?parent=3073"}],"wp:term":[{"taxonomy":"product_brand","embeddable":true,"href":"https:\/\/riine.ee\/en\/wp-json\/wp\/v2\/product_brand?post=3073"},{"taxonomy":"product_cat","embeddable":true,"href":"https:\/\/riine.ee\/en\/wp-json\/wp\/v2\/product_cat?post=3073"},{"taxonomy":"product_tag","embeddable":true,"href":"https:\/\/riine.ee\/en\/wp-json\/wp\/v2\/product_tag?post=3073"}],"curies":[{"name":"wp","href":"https:\/\/api.w.org\/{rel}","templated":true}]}}