{"id":3193,"date":"2026-01-22T11:57:03","date_gmt":"2026-01-22T09:57:03","guid":{"rendered":"https:\/\/riine.ee\/?post_type=product&#038;p=3193"},"modified":"2026-01-27T15:37:31","modified_gmt":"2026-01-27T13:37:31","slug":"trukitud-kinkekaart","status":"publish","type":"product","link":"https:\/\/riine.ee\/en\/product\/trukitud-kinkekaart\/","title":{"rendered":"Tr\u00fckitud kinkekaart"},"content":{"rendered":"<p><strong>Kinkekaarti saab soetada j\u00e4rgmiste teenuste puhul:<\/strong><\/p>\n<ul>\n<li>Coaching sessioon<\/li>\n<li>Mentorlus sessioon<\/li>\n<li>Individuaalne konstellatsioon<\/li>\n<li>VIP-day<\/li>\n<\/ul>\n<p><strong>Kuidas kinkekaart t\u00f6\u00f6tab?<\/strong><\/p>\n<ul>\n<li>Kinkekaart on elektrooniline \u2014 see saadetakse sulle e-posti teel p\u00e4rast ostu sooritamist.<\/li>\n<li>Kinkekaardi saad edastada ise kingi saajale omale sobival ajal.<\/li>\n<li>Kinkekaart kehtib 6 kuud alates ostukuup\u00e4evast.<\/li>\n<\/ul>\n<p><strong>Kellele see sobib?<\/strong><\/p>\n<ul>\n<li>inimesele, kes tunneb, et on elu ristteel<\/li>\n<li>kellelegi, kes soovib rohkem selgust, tasakaalu v\u00f5i tuge otsuste tegemisel<\/li>\n<li>kingituseks s\u00fcnnip\u00e4evaks, t\u00e4htp\u00e4evaks v\u00f5i lihtsalt m\u00e4rgiks hoolimisest<\/li>\n<\/ul>\n<p><strong>Oluline info<\/strong><\/p>\n<ul>\n<li>Kinkekaarti ei saa vahetada rahaks.<\/li>\n<li>Kui teenuse hind on suurem kui kinkekaardi v\u00e4\u00e4rtus, saab vahe tasuda juurde.<\/li>\n<li>Kui teenuse hind \u00fcletab kinkekaardi v\u00e4\u00e4rtuse, on v\u00f5imalik juurde tasuda.<\/li>\n<li>Kui teenuse hind on v\u00e4iksem, j\u00e4\u00e4b \u00fclej\u00e4\u00e4nud summa kinkekaardile edaspidiseks kasutamiseks kehtivusaja piires.<\/li>\n<\/ul>","protected":false},"excerpt":{"rendered":"<p>Kinkekaart on v\u00f5imalus kinkida aega, t\u00e4helepanu ja teadlikku ruumi inimesele, kes on valmis enda sisse vaatama ja edasi liikuma.<\/p>\n<p>Kinkekaart on v\u00e4lja tr\u00fckitud ja saadetakse postiga sinu poolt valitud aadressile.<\/p>\n<p>Kinkekaardil on teenuse nimetud ja kinkekaart on isikustatud ehk kinkekaardil on kingi saaja nimi.<\/p>\n<p><strong>Kirjuta palun kinkekaardi saaja nimi Kassa lehel m\u00e4rkuste lahtrisse.<\/strong><\/p>\n<p><strong>NB! Ostuga kinnitad, et oled teadlik, et isikustatud kinkekaartidele ei kehti taganemis\u00f5igus.<\/strong><\/p>","protected":false},"featured_media":3198,"template":"","meta":{"_uag_custom_page_level_css":"","site-sidebar-layout":"default","site-content-layout":"","ast-site-content-layout":"default","site-content-style":"default","site-sidebar-style":"default","ast-global-header-display":"","ast-banner-title-visibility":"","ast-main-header-display":"","ast-hfb-above-header-display":"","ast-hfb-below-header-display":"","ast-hfb-mobile-header-display":"","site-post-title":"","ast-breadcrumbs-content":"","ast-featured-img":"","footer-sml-layout":"","ast-disable-related-posts":"","theme-transparent-header-meta":"default","adv-header-id-meta":"","stick-header-meta":"default","header-above-stick-meta":"","header-main-stick-meta":"","header-below-stick-meta":"","astra-migrate-meta-layouts":"set","ast-page-background-enabled":"default","ast-page-background-meta":{"desktop":{"background-color":"","background-image":"","background-repeat":"repeat","background-position":"center center","background-size":"auto","background-attachment":"scroll","background-type":"","background-media":"","overlay-type":"","overlay-color":"","overlay-opacity":"","overlay-gradient":""},"tablet":{"background-color":"","background-image":"","background-repeat":"repeat","background-position":"center center","background-size":"auto","background-attachment":"scroll","background-type":"","background-media":"","overlay-type":"","overlay-color":"","overlay-opacity":"","overlay-gradient":""},"mobile":{"background-color":"","background-image":"","background-repeat":"repeat","background-position":"center center","background-size":"auto","background-attachment":"scroll","background-type":"","background-media":"","overlay-type":"","overlay-color":"","overlay-opacity":"","overlay-gradient":""}},"ast-content-background-meta":{"desktop":{"background-color":"var(--ast-global-color-5)","background-image":"","background-repeat":"repeat","background-position":"center center","background-size":"auto","background-attachment":"scroll","background-type":"","background-media":"","overlay-type":"","overlay-color":"","overlay-opacity":"","overlay-gradient":""},"tablet":{"background-color":"var(--ast-global-color-5)","background-image":"","background-repeat":"repeat","background-position":"center center","background-size":"auto","background-attachment":"scroll","background-type":"","background-media":"","overlay-type":"","overlay-color":"","overlay-opacity":"","overlay-gradient":""},"mobile":{"background-color":"var(--ast-global-color-5)","background-image":"","background-repeat":"repeat","background-position":"center center","background-size":"auto","background-attachment":"scroll","background-type":"","background-media":"","overlay-type":"","overlay-color":"","overlay-opacity":"","overlay-gradient":""}},"jetpack_post_was_ever_published":false},"product_brand":[],"product_cat":[42],"product_tag":[],"class_list":{"0":"post-3193","1":"product","2":"type-product","3":"status-publish","4":"has-post-thumbnail","6":"product_cat-kinkekaart","7":"desktop-align-left","8":"tablet-align-left","9":"mobile-align-left","10":"ast-product-gallery-layout-horizontal","11":"ast-product-gallery-with-no-image","12":"ast-magnify-disabled","13":"ast-product-single-variable","14":"ast-product-tabs-layout-horizontal","16":"first","17":"instock","18":"sold-individually","19":"shipping-taxable","20":"purchasable","21":"product-type-variable"},"uagb_featured_image_src":{"full":["https:\/\/riine.ee\/wp-content\/uploads\/2026\/01\/IMG_5888-scaled.jpg",2560,1707,false],"thumbnail":["https:\/\/riine.ee\/wp-content\/uploads\/2026\/01\/IMG_5888-150x150.jpg",150,150,true],"medium":["https:\/\/riine.ee\/wp-content\/uploads\/2026\/01\/IMG_5888-300x200.jpg",300,200,true],"medium_large":["https:\/\/riine.ee\/wp-content\/uploads\/2026\/01\/IMG_5888-768x512.jpg",768,512,true],"large":["https:\/\/riine.ee\/wp-content\/uploads\/2026\/01\/IMG_5888-1024x683.jpg",1024,683,true],"1536x1536":["https:\/\/riine.ee\/wp-content\/uploads\/2026\/01\/IMG_5888-1536x1024.jpg",1536,1024,true],"2048x2048":["https:\/\/riine.ee\/wp-content\/uploads\/2026\/01\/IMG_5888-2048x1365.jpg",2048,1365,true],"trp-custom-language-flag":["https:\/\/riine.ee\/wp-content\/uploads\/2026\/01\/IMG_5888-18x12.jpg",18,12,true],"woocommerce_thumbnail":["https:\/\/riine.ee\/wp-content\/uploads\/2026\/01\/IMG_5888-500x500.jpg",500,500,true],"woocommerce_single":["https:\/\/riine.ee\/wp-content\/uploads\/2026\/01\/IMG_5888-600x400.jpg",600,400,true],"woocommerce_gallery_thumbnail":["https:\/\/riine.ee\/wp-content\/uploads\/2026\/01\/IMG_5888-100x100.jpg",100,100,true]},"uagb_author_info":{"display_name":"riineaidberg","author_link":"https:\/\/riine.ee\/en\/author\/"},"uagb_comment_info":0,"uagb_excerpt":"Kinkekaart on v\u00f5imalus kinkida aega, t\u00e4helepanu ja teadlikku ruumi inimesele, kes on valmis enda sisse vaatama ja edasi liikuma. Kinkekaart on v\u00e4lja tr\u00fckitud ja saadetakse postiga sinu poolt valitud aadressile. Kinkekaardil on teenuse nimetud ja kinkekaart on isikustatud ehk kinkekaardil on kingi saaja nimi. Kirjuta palun kinkekaardi saaja nimi Kassa lehel m\u00e4rkuste lahtrisse. NB! Ostuga&hellip;","jetpack_sharing_enabled":true,"_links":{"self":[{"href":"https:\/\/riine.ee\/en\/wp-json\/wp\/v2\/product\/3193","targetHints":{"allow":["GET"]}}],"collection":[{"href":"https:\/\/riine.ee\/en\/wp-json\/wp\/v2\/product"}],"about":[{"href":"https:\/\/riine.ee\/en\/wp-json\/wp\/v2\/types\/product"}],"wp:featuredmedia":[{"embeddable":true,"href":"https:\/\/riine.ee\/en\/wp-json\/wp\/v2\/media\/3198"}],"wp:attachment":[{"href":"https:\/\/riine.ee\/en\/wp-json\/wp\/v2\/media?parent=3193"}],"wp:term":[{"taxonomy":"product_brand","embeddable":true,"href":"https:\/\/riine.ee\/en\/wp-json\/wp\/v2\/product_brand?post=3193"},{"taxonomy":"product_cat","embeddable":true,"href":"https:\/\/riine.ee\/en\/wp-json\/wp\/v2\/product_cat?post=3193"},{"taxonomy":"product_tag","embeddable":true,"href":"https:\/\/riine.ee\/en\/wp-json\/wp\/v2\/product_tag?post=3193"}],"curies":[{"name":"wp","href":"https:\/\/api.w.org\/{rel}","templated":true}]}}