{"id":3277,"date":"2026-01-29T21:07:55","date_gmt":"2026-01-29T19:07:55","guid":{"rendered":"https:\/\/riine.ee\/?post_type=product&#038;p=3277"},"modified":"2026-03-22T12:57:29","modified_gmt":"2026-03-22T10:57:29","slug":"orgaaniline-turundus-susteemne-tootuba","status":"publish","type":"product","link":"https:\/\/riine.ee\/en\/product\/orgaaniline-turundus-susteemne-tootuba\/","title":{"rendered":"Orgaaniline turundus &#8211; s\u00fcsteemne t\u00f6\u00f6tuba \/ 17.04 TALLINN"},"content":{"rendered":"<p>Kui kliente ei ole piisavalt v\u00f5i kliendibaasi loomine kulgeb vaevaliselt, siis l\u00e4bi s\u00fcsteemse t\u00f6\u00f6 on meil v\u00f5imalus vaadata millega see on seotud ning mida on vaja m\u00e4rgata, et see saaks muutuda.<\/p>\n<p>Orgaanilise turunduse s\u00fcsteemses t\u00f6\u00f6toas v\u00f5tame fookusesse:<br \/>\n\u2022 kuidas kliendid tegelikult leiavad tee sinuni<br \/>\n\u2022 mis vajab t\u00e4helepanu, et kliendid saaksid tulla<br \/>\n\u2022 mis toetab seda, et nad soovitaksid sinu teenust ka teistele<\/p>\n<p>Mitte turundusnipid, vaid n\u00e4htamatud mustrid. Mitte lahendused v\u00e4ljastpoolt, vaid liikumine seestpoolt. See t\u00f6\u00f6tuba on koht, kus iga osaleja t\u00f6\u00f6tab omaenda teemaga. S\u00fcsteemselt, ilma surveta ja enda viisil.<\/p>\n<p>T\u00f6\u00f6tame millega vaja, et sa liiguksid edasi sellest punktist, kus oled t\u00e4na. \u2728<\/p>\n<p>See p\u00e4ev on sulle, kui m\u00f5ni neist ridadest on sulle tuttav:<br \/>\n&#8211; soovid, et sul oleks rohkem kliente<br \/>\n&#8211; tunne, et \u2018\u2019ma ei taha m\u00fc\u00fca\u2019\u2019, kuid soovid, et kliendid sind leiaksid<br \/>\n&#8211; tunne, et \u2018\u2019ma ei taha reklaamida\u2019\u2019 v\u00f5i oled v\u00e4sinud oma teenuse reklaamimisest<br \/>\n&#8211; koost\u00f6\u00f6d katkevad enne, kui p\u00e4riselt algavad<br \/>\n&#8211; ebakindlus tasust r\u00e4\u00e4kida<br \/>\n&#8211; kahtled endas, kui spetsialistis<br \/>\n&#8211; tunned, et oled justkui kuskile kinni j\u00e4\u00e4nud<\/p>\n<p>Kuula orgaanilise turunduse kohta l\u00e4hemalt Podcasti Kohtumised teetassi taga 1. episoodis: <strong><a href=\"https:\/\/www.youtube.com\/watch?v=Gh_vPe7p2-U&amp;t=296s\" target=\"_blank\" rel=\"noopener\">LISTEN HERE (IN ESTONIAN)<\/a><\/strong><\/p>\n<p>Kuup\u00e4evad:<br \/>\n14. m\u00e4rts (Tartu, Teadliku Ettev\u00f5tluse Akadeemia, Suur Kaar 53)<br \/>\n19. m\u00e4rts (P\u00e4rnu, Stuudio S\u00fcstemist, Riia mnt 30)<br \/>\n17. aprill (Tallinn, Fun &amp; Zen Stuudio, Vabaduse pst 128)<br \/>\nAeg: 10.00\u201317.30<br \/>\nOsalustasu: 125\u20ac<\/p>\n<p>&#8211;<\/p>\n<p>Eelmiste orgaanilise turunduse t\u00f6\u00f6tubade tagasiside:<\/p>\n<p>&#8220;Minu jaoks oli suurim v\u00e4\u00e4rtus, et sain teada, milline kliendisihtgrupp minuni j\u00f5uab ja kus kaudu nad minuni tulevad. See loob mulle selgemad juhised ja tegutsemisviisi edaspidiseks t\u00f6\u00f6ks.<\/p>\n<p>Riine t\u00e4psed ja h\u00e4sti s\u00f5nastatud k\u00fcsimused toetasid ja aitasid luua paremat selgust iseendas. Samuti olid suureks abiks koolituse l\u00e4bim\u00f5eldud struktuur, toetav ruum ja grupienergia.<\/p>\n<p>Soovitan seda koolitust k\u00f5igile, kes t\u00f6\u00f6tavad inimestega \u2013 olgu nad teenusepakkujad, tootjate v\u00f5i muul moel teistele abiks olevad. Koolitus aitab selgemini m\u00f5ista, kellele ja millistele klientidele just Sina v\u00e4\u00e4rtust lood ning kuidas nendeni k\u00f5ige paremini j\u00f5uda.&#8221;<\/p>\n<p>&#8211; Kirsika<\/p>\n<p>&#8220;Nii hea ja toetav t\u00f6\u00f6tuba! Soovitaksin t\u00f6\u00f6tuba just ettev\u00f5tjatele ja vabakutselisele, kes veel tunnevad, et on oma ettev\u00f5tmises kuskil kinni v\u00f5i t\u00e4pselt ei tea, kuidas kliendid neid leidma peaksid.<\/p>\n<p>S\u00fcsteemne l\u00e4henemine aitas v\u00e4lja tuua, mis on takistuseks ja seda sai ka kohe lahendada. N\u00e4gin \u00e4ra oma peamised kanalid, kuidas klient minu ja minu teenuseni j\u00f5uab. T\u00f6\u00f6tuba aitas n\u00e4ha, kuidas erinevad asjad v\u00f5ivad ettev\u00f5tmist m\u00f5jutada &#8211; nii saab juba ise v\u00e4ga palju taipamisi ja siis veel v\u00f5ib-olla leiad omale uued koost\u00f6\u00f6partnerid.<\/p>\n<p>Suurim v\u00e4\u00e4rtus oli m\u00f5istmine, mis mind on ettev\u00f5tmises takistanud ja siis selle takistuse vabastamine. T\u00f6\u00f6toas kohtub ka teiste ettev\u00f5tjate\/vabakutselistega, kellel on sarnased teemad.&#8221;<\/p>\n<p>&#8211; Liis<\/p>\n<p>&#8220;Igas t\u00f6\u00f6s, kus olin esindajana, olid teemad justkui minu enda omad, see aitas mul oma teenust hoopis selgemalt n\u00e4ha. Sain julgust v\u00f5tta oma rolli p\u00e4riselt vastu ja olla enesekindlam spetsialist. Kui ma kardan n\u00e4htavust, ei saagi kliendid minuni tulla.<\/p>\n<p>Soovitaksin t\u00f6\u00f6tuba neile, kellel on blokeeringud \u2013 \u00e4riga alustamisel takistused v\u00f5i raskused, asjad ei liigu ja kliente ei tule juurde.&#8221;<\/p>\n<p>&#8211; Sirly<\/p>\n<p>&#8220;T\u00f6\u00f6toas kogetu oli minu jaoks t\u00e4iesti erakordne. Kui ma poleks ise kohal olnud, ei usuks ma siiani, et sellised asjad on \u00fcldse v\u00f5imalikud. K\u00f5ige enam k\u00f5netas mind see, kui selgelt sain tunda oma ettev\u00f5tte s\u00fcsteemi liikumist, takistuste lahtihargnemist ja seda, kuidas minu enda roll selles k\u00f5iges muutus.<\/p>\n<p>T\u00f6\u00f6toas tajusin v\u00e4ga selgelt, kuidas minu energia ja sisemine selgus m\u00f5jutavad seda, kuidas kliendid mind leiavad. Peale t\u00f6\u00f6toa l\u00f5ppu tundsin t\u00e4iesti uut hingamist \u2013 kergust, avarust ja kindlust.<\/p>\n<p>Mis k\u00f5ige h\u00e4mmastavam: peale paari p\u00e4eva m\u00f6\u00f6dumist hakkasid tulema uued kliendid ja tellimused. See oli nii otsene ja kiire muutus, et seda poleks t\u00f5esti osanud oodata.<\/p>\n<p>Mind toetas k\u00f5ige rohkem grupienergia ja juhendaja energia ning suunavad k\u00fcsimused, mis aitasid mul n\u00e4ha seoseid, mida ma \u00fcksi poleks m\u00e4rganud. T\u00f6\u00f6viisi s\u00fcgavus ja ruumi turvaline \u00f5hkkond l\u00f5id v\u00f5imaluse p\u00e4riselt avaneda. Tempo oli just parajalt rahulik, et k\u00f5ike l\u00e4bi seedida, aga samas piisavalt konkreetne, et liikumine toimuks.<\/p>\n<p>Soovitaksin seda eelk\u00f5ige ettev\u00f5tjatele, loojatele ja k\u00f5igile, kellel on tunne, et nad on justkui \u201ekokku jooksnud\u201c , kes pingutavad, aga tulemust ei ole. Samuti soovitaksin t\u00f6\u00f6tuba neile, kes on avatud s\u00fcgavamale vaatele ja tahavad n\u00e4ha, millised n\u00e4htamatud mustrid nende teekonda m\u00f5jutavad.<\/p>\n<p>See t\u00f6\u00f6p\u00e4ev sobib ideaalselt olukorras, kus on soov liikuda j\u00e4rgmisele tasemele, luua selgust v\u00f5i tuua ettev\u00f5ttesse uut energiat. Minu jaoks oli see p\u00f6\u00f6rdepunkt ning v\u00f5ib t\u00e4iesti olla ka kellegi teise jaoks.&#8221;<\/p>\n<p>&#8211; Vanessa<\/p>\n<p>&#8220;Sain v\u00e4ga selge fookuse, mida mu kliendid soovivad ja kuidas nendeni paremini j\u00f5uda. Riine l\u00e4henemine on selge, rahulik ja konkreetne. T\u00f6\u00f6toas saab iga\u00fcks personaalse l\u00e4henemise. Mida t\u00e4psem on su k\u00fcsimus, seda konkreetsema vastuse saad. V\u00e4ga soovitan!&#8221;<\/p>\n<p>&#8211; Kristel<\/p>\n<p>Kohtade arv on piiratud!<\/p>\n<p>Kui tunned, et eelistad individuaalset l\u00e4henemist, siis on v\u00f5imalus broneerida 1:1 s\u00fcsteemse t\u00f6\u00f6 aeg kirjutades info@riine.ee v\u00f5i l\u00e4bi kodulehe kontaktivormi.<\/p>","protected":false},"excerpt":{"rendered":"<p>Kuula orgaanilise turunduse kohta l\u00e4hemalt Podcasti Kohtumised teetassi taga 1. episoodis: <strong><a href=\"https:\/\/www.youtube.com\/watch?v=Gh_vPe7p2-U&amp;t=296s\" target=\"_blank\" rel=\"noopener\">LISTEN HERE (IN ESTONIAN)<\/a><\/strong><\/p>","protected":false},"featured_media":3148,"template":"","meta":{"_uag_custom_page_level_css":"","site-sidebar-layout":"default","site-content-layout":"","ast-site-content-layout":"default","site-content-style":"default","site-sidebar-style":"default","ast-global-header-display":"","ast-banner-title-visibility":"","ast-main-header-display":"","ast-hfb-above-header-display":"","ast-hfb-below-header-display":"","ast-hfb-mobile-header-display":"","site-post-title":"","ast-breadcrumbs-content":"","ast-featured-img":"","footer-sml-layout":"","ast-disable-related-posts":"","theme-transparent-header-meta":"default","adv-header-id-meta":"","stick-header-meta":"default","header-above-stick-meta":"","header-main-stick-meta":"","header-below-stick-meta":"","astra-migrate-meta-layouts":"set","ast-page-background-enabled":"default","ast-page-background-meta":{"desktop":{"background-color":"","background-image":"","background-repeat":"repeat","background-position":"center center","background-size":"auto","background-attachment":"scroll","background-type":"","background-media":"","overlay-type":"","overlay-color":"","overlay-opacity":"","overlay-gradient":""},"tablet":{"background-color":"","background-image":"","background-repeat":"repeat","background-position":"center center","background-size":"auto","background-attachment":"scroll","background-type":"","background-media":"","overlay-type":"","overlay-color":"","overlay-opacity":"","overlay-gradient":""},"mobile":{"background-color":"","background-image":"","background-repeat":"repeat","background-position":"center center","background-size":"auto","background-attachment":"scroll","background-type":"","background-media":"","overlay-type":"","overlay-color":"","overlay-opacity":"","overlay-gradient":""}},"ast-content-background-meta":{"desktop":{"background-color":"var(--ast-global-color-5)","background-image":"","background-repeat":"repeat","background-position":"center center","background-size":"auto","background-attachment":"scroll","background-type":"","background-media":"","overlay-type":"","overlay-color":"","overlay-opacity":"","overlay-gradient":""},"tablet":{"background-color":"var(--ast-global-color-5)","background-image":"","background-repeat":"repeat","background-position":"center center","background-size":"auto","background-attachment":"scroll","background-type":"","background-media":"","overlay-type":"","overlay-color":"","overlay-opacity":"","overlay-gradient":""},"mobile":{"background-color":"var(--ast-global-color-5)","background-image":"","background-repeat":"repeat","background-position":"center center","background-size":"auto","background-attachment":"scroll","background-type":"","background-media":"","overlay-type":"","overlay-color":"","overlay-opacity":"","overlay-gradient":""}},"jetpack_post_was_ever_published":true},"product_brand":[],"product_cat":[41],"product_tag":[],"class_list":{"0":"post-3277","1":"product","2":"type-product","3":"status-publish","4":"has-post-thumbnail","6":"product_cat-uritused","7":"desktop-align-left","8":"tablet-align-left","9":"mobile-align-left","10":"ast-product-gallery-layout-horizontal","11":"ast-product-gallery-with-no-image","12":"ast-magnify-disabled","13":"ast-product-single-variable","14":"ast-product-tabs-layout-horizontal","16":"first","17":"instock","18":"shipping-taxable","19":"purchasable","20":"product-type-variable"},"uagb_featured_image_src":{"full":["https:\/\/riine.ee\/wp-content\/uploads\/2026\/01\/riine-tootuba.png",1800,1080,false],"thumbnail":["https:\/\/riine.ee\/wp-content\/uploads\/2026\/01\/riine-tootuba-150x150.png",150,150,true],"medium":["https:\/\/riine.ee\/wp-content\/uploads\/2026\/01\/riine-tootuba-300x180.png",300,180,true],"medium_large":["https:\/\/riine.ee\/wp-content\/uploads\/2026\/01\/riine-tootuba-768x461.png",768,461,true],"large":["https:\/\/riine.ee\/wp-content\/uploads\/2026\/01\/riine-tootuba-1024x614.png",1024,614,true],"1536x1536":["https:\/\/riine.ee\/wp-content\/uploads\/2026\/01\/riine-tootuba-1536x922.png",1536,922,true],"2048x2048":["https:\/\/riine.ee\/wp-content\/uploads\/2026\/01\/riine-tootuba.png",1800,1080,false],"trp-custom-language-flag":["https:\/\/riine.ee\/wp-content\/uploads\/2026\/01\/riine-tootuba-18x12.png",18,12,true],"woocommerce_thumbnail":["https:\/\/riine.ee\/wp-content\/uploads\/2026\/01\/riine-tootuba-500x500.png",500,500,true],"woocommerce_single":["https:\/\/riine.ee\/wp-content\/uploads\/2026\/01\/riine-tootuba-600x360.png",600,360,true],"woocommerce_gallery_thumbnail":["https:\/\/riine.ee\/wp-content\/uploads\/2026\/01\/riine-tootuba-100x100.png",100,100,true]},"uagb_author_info":{"display_name":"riineaidberg","author_link":"https:\/\/riine.ee\/en\/author\/"},"uagb_comment_info":0,"uagb_excerpt":"Kuula orgaanilise turunduse kohta l\u00e4hemalt Podcasti Kohtumised teetassi taga 1. episoodis: KUULA SIIN","jetpack_sharing_enabled":true,"_links":{"self":[{"href":"https:\/\/riine.ee\/en\/wp-json\/wp\/v2\/product\/3277","targetHints":{"allow":["GET"]}}],"collection":[{"href":"https:\/\/riine.ee\/en\/wp-json\/wp\/v2\/product"}],"about":[{"href":"https:\/\/riine.ee\/en\/wp-json\/wp\/v2\/types\/product"}],"wp:featuredmedia":[{"embeddable":true,"href":"https:\/\/riine.ee\/en\/wp-json\/wp\/v2\/media\/3148"}],"wp:attachment":[{"href":"https:\/\/riine.ee\/en\/wp-json\/wp\/v2\/media?parent=3277"}],"wp:term":[{"taxonomy":"product_brand","embeddable":true,"href":"https:\/\/riine.ee\/en\/wp-json\/wp\/v2\/product_brand?post=3277"},{"taxonomy":"product_cat","embeddable":true,"href":"https:\/\/riine.ee\/en\/wp-json\/wp\/v2\/product_cat?post=3277"},{"taxonomy":"product_tag","embeddable":true,"href":"https:\/\/riine.ee\/en\/wp-json\/wp\/v2\/product_tag?post=3277"}],"curies":[{"name":"wp","href":"https:\/\/api.w.org\/{rel}","templated":true}]}}